{"id":19,"date":"2019-04-17T13:43:48","date_gmt":"2019-04-17T13:43:48","guid":{"rendered":"https:\/\/drees-einrichtung.de\/?page_id=19"},"modified":"2019-05-06T12:45:14","modified_gmt":"2019-05-06T12:45:14","slug":"jobs","status":"publish","type":"page","link":"https:\/\/drees-einrichtung.de\/index.php\/jobs\/","title":{"rendered":"Jobs"},"content":{"rendered":"\n<h2 class=\"wp-block-heading\" style=\"text-align:left\"><strong>Zupacken und an einem Strang ziehen ist eine Selbstverst\u00e4ndlichkeit f\u00fcr Sie?<\/strong><\/h2>\n\n\n\n<h3 class=\"wp-block-heading\">Dann verst\u00e4rken Sie unser Team.<\/h3>\n\n\n\n<p><strong>Wenn  Ihnen selbstst\u00e4ndiges Arbeiten liegt und Dienstleistung kein Fremdwort ist, dann sollten wir uns kennenlernen.<\/strong><\/p>\n\n\n\n<p><strong>Wir freuen uns auf Ihre E-Mail an info@drees-einrichtung.de<\/strong><\/p>\n\n\n\n<p><br><\/p>\n\n\n\n<h2 class=\"wp-block-heading\" style=\"text-align:left\"><strong>Netzwerk-Partner<\/strong><\/h2>\n\n\n\n<p><strong>Sie sind selbstst\u00e4ndig t\u00e4tig und verf\u00fcgen \u00fcber freie Kapazit\u00e4ten? Schlie\u00dfen Sie sich unserem Netzwerk an. N\u00e4here Informationen unter <a href=\"mailto:info@drees-einrichtung.de\">info@drees-einrichtung.de<\/a><\/strong><br><\/p>\n","protected":false},"excerpt":{"rendered":"<p>Zupacken und an einem Strang ziehen ist eine Selbstverst\u00e4ndlichkeit f\u00fcr Sie? Dann verst\u00e4rken Sie unser Team. Wenn Ihnen selbstst\u00e4ndiges Arbeiten liegt und Dienstleistung kein Fremdwort ist, dann sollten wir uns kennenlernen. Wir freuen uns auf Ihre E-Mail an info@drees-einrichtung.de Netzwerk-Partner Sie sind selbstst\u00e4ndig t\u00e4tig und verf\u00fcgen \u00fcber freie Kapazit\u00e4ten? Schlie\u00dfen Sie sich unserem Netzwerk an. [&hellip;]<\/p>\n","protected":false},"author":1,"featured_media":0,"parent":0,"menu_order":0,"comment_status":"closed","ping_status":"closed","template":"","meta":{"footnotes":""},"class_list":["post-19","page","type-page","status-publish","hentry"],"_links":{"self":[{"href":"https:\/\/drees-einrichtung.de\/index.php\/wp-json\/wp\/v2\/pages\/19","targetHints":{"allow":["GET"]}}],"collection":[{"href":"https:\/\/drees-einrichtung.de\/index.php\/wp-json\/wp\/v2\/pages"}],"about":[{"href":"https:\/\/drees-einrichtung.de\/index.php\/wp-json\/wp\/v2\/types\/page"}],"author":[{"embeddable":true,"href":"https:\/\/drees-einrichtung.de\/index.php\/wp-json\/wp\/v2\/users\/1"}],"replies":[{"embeddable":true,"href":"https:\/\/drees-einrichtung.de\/index.php\/wp-json\/wp\/v2\/comments?post=19"}],"version-history":[{"count":12,"href":"https:\/\/drees-einrichtung.de\/index.php\/wp-json\/wp\/v2\/pages\/19\/revisions"}],"predecessor-version":[{"id":193,"href":"https:\/\/drees-einrichtung.de\/index.php\/wp-json\/wp\/v2\/pages\/19\/revisions\/193"}],"wp:attachment":[{"href":"https:\/\/drees-einrichtung.de\/index.php\/wp-json\/wp\/v2\/media?parent=19"}],"curies":[{"name":"wp","href":"https:\/\/api.w.org\/{rel}","templated":true}]}}